
{"id":21,"date":"2022-08-25T04:19:03","date_gmt":"2022-08-25T04:19:03","guid":{"rendered":"https:\/\/demo2wpopal.b-cdn.net\/grenda2\/?page_id=21"},"modified":"2023-08-27T01:30:14","modified_gmt":"2023-08-26T23:30:14","slug":"venues","status":"publish","type":"page","link":"https:\/\/tentedelarencontre.com\/?page_id=21","title":{"rendered":"Venues"},"content":{"rendered":"\t\t<div data-elementor-type=\"wp-page\" data-elementor-id=\"21\" class=\"elementor elementor-21\">\n\t\t\t\t\t\t\t\t\t<section class=\"elementor-section elementor-top-section elementor-element elementor-element-9972f39 elementor-section-boxed elementor-section-height-default elementor-section-height-default\" data-id=\"9972f39\" data-element_type=\"section\">\n\t\t\t\t\t\t<div class=\"elementor-container elementor-column-gap-default\">\n\t\t\t\t\t<div class=\"elementor-column elementor-col-100 elementor-top-column elementor-element elementor-element-e70cbfa\" data-id=\"e70cbfa\" data-element_type=\"column\">\n\t\t\t<div class=\"elementor-widget-wrap elementor-element-populated\">\n\t\t\t\t\t\t\t\t<div class=\"elementor-element elementor-element-314f6e9 elementor-widget elementor-widget-spacer\" data-id=\"314f6e9\" data-element_type=\"widget\" data-widget_type=\"spacer.default\">\n\t\t\t\t<div class=\"elementor-widget-container\">\n\t\t\t<style>\/*! elementor - v3.15.0 - 09-08-2023 *\/\n.elementor-column .elementor-spacer-inner{height:var(--spacer-size)}.e-con{--container-widget-width:100%}.e-con-inner>.elementor-widget-spacer,.e-con>.elementor-widget-spacer{width:var(--container-widget-width,var(--spacer-size));--align-self:var(--container-widget-align-self,initial);--flex-shrink:0}.e-con-inner>.elementor-widget-spacer>.elementor-widget-container,.e-con-inner>.elementor-widget-spacer>.elementor-widget-container>.elementor-spacer,.e-con>.elementor-widget-spacer>.elementor-widget-container,.e-con>.elementor-widget-spacer>.elementor-widget-container>.elementor-spacer{height:100%}.e-con-inner>.elementor-widget-spacer>.elementor-widget-container>.elementor-spacer>.elementor-spacer-inner,.e-con>.elementor-widget-spacer>.elementor-widget-container>.elementor-spacer>.elementor-spacer-inner{height:var(--container-widget-height,var(--spacer-size))}<\/style>\t\t<div class=\"elementor-spacer\">\n\t\t\t<div class=\"elementor-spacer-inner\"><\/div>\n\t\t<\/div>\n\t\t\t\t<\/div>\n\t\t\t\t<\/div>\n\t\t\t\t\t<\/div>\n\t\t<\/div>\n\t\t\t\t\t\t\t<\/div>\n\t\t<\/section>\n\t\t\t\t<section class=\"elementor-section elementor-top-section elementor-element elementor-element-ea152f0 elementor-section-boxed elementor-section-height-default elementor-section-height-default\" data-id=\"ea152f0\" data-element_type=\"section\">\n\t\t\t\t\t\t<div class=\"elementor-container elementor-column-gap-default\">\n\t\t\t\t\t<div class=\"elementor-column elementor-col-100 elementor-top-column elementor-element elementor-element-d7585c8\" data-id=\"d7585c8\" data-element_type=\"column\">\n\t\t\t<div class=\"elementor-widget-wrap elementor-element-populated\">\n\t\t\t\t\t\t\t\t<div class=\"elementor-element elementor-element-614468b elementor-widget__width-initial elementor-widget elementor-widget-heading\" data-id=\"614468b\" data-element_type=\"widget\" data-widget_type=\"heading.default\">\n\t\t\t\t<div class=\"elementor-widget-container\">\n\t\t\t<style>\/*! elementor - v3.15.0 - 09-08-2023 *\/\n.elementor-heading-title{padding:0;margin:0;line-height:1}.elementor-widget-heading .elementor-heading-title[class*=elementor-size-]>a{color:inherit;font-size:inherit;line-height:inherit}.elementor-widget-heading .elementor-heading-title.elementor-size-small{font-size:15px}.elementor-widget-heading .elementor-heading-title.elementor-size-medium{font-size:19px}.elementor-widget-heading .elementor-heading-title.elementor-size-large{font-size:29px}.elementor-widget-heading .elementor-heading-title.elementor-size-xl{font-size:39px}.elementor-widget-heading .elementor-heading-title.elementor-size-xxl{font-size:59px}<\/style><h2 class=\"elementor-heading-title elementor-size-default\">Perfectionn\u00e9 \u00e0 votre image et adapt\u00e9 \u00e0 votre budget.<\/h2>\t\t<\/div>\n\t\t\t\t<\/div>\n\t\t\t\t\t<\/div>\n\t\t<\/div>\n\t\t\t\t\t\t\t<\/div>\n\t\t<\/section>\n\t\t\t\t<div class=\"elementor-section elementor-top-section elementor-element elementor-element-c343c30 elementor-section-stretched elementor-section-boxed elementor-section-height-default elementor-section-height-default\" data-id=\"c343c30\" data-element_type=\"section\" data-settings=\"{&quot;stretch_section&quot;:&quot;section-stretched&quot;}\">\n\t\t\t\t\t\t<div class=\"elementor-container elementor-column-gap-default\">\n\t\t\t\t\t<div class=\"elementor-column elementor-col-100 elementor-top-column elementor-element elementor-element-e43c035\" data-id=\"e43c035\" data-element_type=\"column\">\n\t\t\t<div class=\"elementor-widget-wrap elementor-element-populated\">\n\t\t\t\t\t\t\t\t<div class=\"elementor-element elementor-element-075f10b arrow-style-1 elementor-widget elementor-widget-grenda2-venue\" data-id=\"075f10b\" data-element_type=\"widget\" data-widget_type=\"grenda2-venue.default\">\n\t\t\t\t<div class=\"elementor-widget-container\">\n\t\t\t        <div class=\"elementor-venue-wrapper\">\n            <div class=\"row\" data-elementor-columns=\"2\" data-elementor-columns-tablet=\"2\" data-elementor-columns-mobile=\"1\">\n                <div class=\"column-item\"><article class=\"venue post-1014 grenda2_venue type-grenda2_venue status-publish has-post-thumbnail hentry\">\n    <a href=\"https:\/\/tentedelarencontre.com\/?grenda2_venue=the-pergola\">\n        <div class=\"venue-inner\">\n                            <div class=\"venue-post-thumbnail\">\n                    <img loading=\"lazy\" decoding=\"async\" width=\"870\" height=\"449\" src=\"https:\/\/tentedelarencontre.com\/wp-content\/uploads\/2023\/08\/3.jpg\" class=\"attachment-grenda2-venue-grid size-grenda2-venue-grid wp-post-image\" alt=\"\" srcset=\"https:\/\/tentedelarencontre.com\/wp-content\/uploads\/2023\/08\/3.jpg 870w, https:\/\/tentedelarencontre.com\/wp-content\/uploads\/2023\/08\/3-300x155.jpg 300w, https:\/\/tentedelarencontre.com\/wp-content\/uploads\/2023\/08\/3-768x396.jpg 768w, https:\/\/tentedelarencontre.com\/wp-content\/uploads\/2023\/08\/3-600x310.jpg 600w\" sizes=\"(max-width: 870px) 100vw, 870px\" \/>                <\/div><!-- .post-thumbnail -->\n                        <div class=\"venue-content\">\n                <h5 class=\"entry-title\">Projet 01<\/h5>\n                                    <div class=\"address\">Kinshasa -<\/div>\n                            <\/div>\n        <\/div>\n    <\/a>\n<\/article><!-- #post-## -->\n<\/div><div class=\"column-item\"><article class=\"venue post-1013 grenda2_venue type-grenda2_venue status-publish has-post-thumbnail hentry\">\n    <a href=\"https:\/\/tentedelarencontre.com\/?grenda2_venue=jade-pavilion\">\n        <div class=\"venue-inner\">\n                            <div class=\"venue-post-thumbnail\">\n                    <img loading=\"lazy\" decoding=\"async\" width=\"870\" height=\"449\" src=\"https:\/\/tentedelarencontre.com\/wp-content\/uploads\/2022\/08\/venues-2.jpeg\" class=\"attachment-grenda2-venue-grid size-grenda2-venue-grid wp-post-image\" alt=\"\" srcset=\"https:\/\/tentedelarencontre.com\/wp-content\/uploads\/2022\/08\/venues-2.jpeg 870w, https:\/\/tentedelarencontre.com\/wp-content\/uploads\/2022\/08\/venues-2-300x155.jpeg 300w, https:\/\/tentedelarencontre.com\/wp-content\/uploads\/2022\/08\/venues-2-768x396.jpeg 768w, https:\/\/tentedelarencontre.com\/wp-content\/uploads\/2022\/08\/venues-2-600x310.jpeg 600w\" sizes=\"(max-width: 870px) 100vw, 870px\" \/>                <\/div><!-- .post-thumbnail -->\n                        <div class=\"venue-content\">\n                <h5 class=\"entry-title\">Jade Pavilion<\/h5>\n                                    <div class=\"address\">100 Park Avenue, McKinley Hill Village<\/div>\n                            <\/div>\n        <\/div>\n    <\/a>\n<\/article><!-- #post-## -->\n<\/div><div class=\"column-item\"><article class=\"venue post-1012 grenda2_venue type-grenda2_venue status-publish has-post-thumbnail hentry\">\n    <a href=\"https:\/\/tentedelarencontre.com\/?grenda2_venue=north-forbes-pavilion\">\n        <div class=\"venue-inner\">\n                            <div class=\"venue-post-thumbnail\">\n                    <img loading=\"lazy\" decoding=\"async\" width=\"870\" height=\"449\" src=\"https:\/\/tentedelarencontre.com\/wp-content\/uploads\/2022\/08\/venues-3.jpeg\" class=\"attachment-grenda2-venue-grid size-grenda2-venue-grid wp-post-image\" alt=\"\" srcset=\"https:\/\/tentedelarencontre.com\/wp-content\/uploads\/2022\/08\/venues-3.jpeg 870w, https:\/\/tentedelarencontre.com\/wp-content\/uploads\/2022\/08\/venues-3-300x155.jpeg 300w, https:\/\/tentedelarencontre.com\/wp-content\/uploads\/2022\/08\/venues-3-768x396.jpeg 768w, https:\/\/tentedelarencontre.com\/wp-content\/uploads\/2022\/08\/venues-3-600x310.jpeg 600w\" sizes=\"(max-width: 870px) 100vw, 870px\" \/>                <\/div><!-- .post-thumbnail -->\n                        <div class=\"venue-content\">\n                <h5 class=\"entry-title\">North Forbes Pavilion<\/h5>\n                                    <div class=\"address\">Forbes Park, Makati City<\/div>\n                            <\/div>\n        <\/div>\n    <\/a>\n<\/article><!-- #post-## -->\n<\/div><div class=\"column-item\"><article class=\"venue post-1011 grenda2_venue type-grenda2_venue status-publish has-post-thumbnail hentry\">\n    <a href=\"https:\/\/tentedelarencontre.com\/?grenda2_venue=decagon-silver-city\">\n        <div class=\"venue-inner\">\n                            <div class=\"venue-post-thumbnail\">\n                    <img loading=\"lazy\" decoding=\"async\" width=\"870\" height=\"449\" src=\"https:\/\/tentedelarencontre.com\/wp-content\/uploads\/2022\/08\/venues-4.jpeg\" class=\"attachment-grenda2-venue-grid size-grenda2-venue-grid wp-post-image\" alt=\"\" srcset=\"https:\/\/tentedelarencontre.com\/wp-content\/uploads\/2022\/08\/venues-4.jpeg 870w, https:\/\/tentedelarencontre.com\/wp-content\/uploads\/2022\/08\/venues-4-300x155.jpeg 300w, https:\/\/tentedelarencontre.com\/wp-content\/uploads\/2022\/08\/venues-4-768x396.jpeg 768w, https:\/\/tentedelarencontre.com\/wp-content\/uploads\/2022\/08\/venues-4-600x310.jpeg 600w\" sizes=\"(max-width: 870px) 100vw, 870px\" \/>                <\/div><!-- .post-thumbnail -->\n                        <div class=\"venue-content\">\n                <h5 class=\"entry-title\">Decagon Silver City<\/h5>\n                                    <div class=\"address\">Frontera Verde Drive cor. Julia Vargas<\/div>\n                            <\/div>\n        <\/div>\n    <\/a>\n<\/article><!-- #post-## -->\n<\/div><div class=\"column-item\"><article class=\"venue post-1010 grenda2_venue type-grenda2_venue status-publish has-post-thumbnail hentry\">\n    <a href=\"https:\/\/tentedelarencontre.com\/?grenda2_venue=la-castellana\">\n        <div class=\"venue-inner\">\n                            <div class=\"venue-post-thumbnail\">\n                    <img loading=\"lazy\" decoding=\"async\" width=\"870\" height=\"449\" src=\"https:\/\/tentedelarencontre.com\/wp-content\/uploads\/2022\/08\/venues-5.jpeg\" class=\"attachment-grenda2-venue-grid size-grenda2-venue-grid wp-post-image\" alt=\"\" srcset=\"https:\/\/tentedelarencontre.com\/wp-content\/uploads\/2022\/08\/venues-5.jpeg 870w, https:\/\/tentedelarencontre.com\/wp-content\/uploads\/2022\/08\/venues-5-300x155.jpeg 300w, https:\/\/tentedelarencontre.com\/wp-content\/uploads\/2022\/08\/venues-5-768x396.jpeg 768w, https:\/\/tentedelarencontre.com\/wp-content\/uploads\/2022\/08\/venues-5-600x310.jpeg 600w\" sizes=\"(max-width: 870px) 100vw, 870px\" \/>                <\/div><!-- .post-thumbnail -->\n                        <div class=\"venue-content\">\n                <h5 class=\"entry-title\">La Castellana<\/h5>\n                                    <div class=\"address\">Cabildo corner Beaterio Streets, Intramuros<\/div>\n                            <\/div>\n        <\/div>\n    <\/a>\n<\/article><!-- #post-## -->\n<\/div><div class=\"column-item\"><article class=\"venue post-1009 grenda2_venue type-grenda2_venue status-publish has-post-thumbnail hentry\">\n    <a href=\"https:\/\/tentedelarencontre.com\/?grenda2_venue=champagne-hall\">\n        <div class=\"venue-inner\">\n                            <div class=\"venue-post-thumbnail\">\n                    <img loading=\"lazy\" decoding=\"async\" width=\"870\" height=\"449\" src=\"https:\/\/tentedelarencontre.com\/wp-content\/uploads\/2022\/08\/venues-6.jpeg\" class=\"attachment-grenda2-venue-grid size-grenda2-venue-grid wp-post-image\" alt=\"\" srcset=\"https:\/\/tentedelarencontre.com\/wp-content\/uploads\/2022\/08\/venues-6.jpeg 870w, https:\/\/tentedelarencontre.com\/wp-content\/uploads\/2022\/08\/venues-6-300x155.jpeg 300w, https:\/\/tentedelarencontre.com\/wp-content\/uploads\/2022\/08\/venues-6-768x396.jpeg 768w, https:\/\/tentedelarencontre.com\/wp-content\/uploads\/2022\/08\/venues-6-600x310.jpeg 600w\" sizes=\"(max-width: 870px) 100vw, 870px\" \/>                <\/div><!-- .post-thumbnail -->\n                        <div class=\"venue-content\">\n                <h5 class=\"entry-title\">Champagne Hall<\/h5>\n                                    <div class=\"address\">Rona&#039;s Garden Compound, 29 Visayas Avenue<\/div>\n                            <\/div>\n        <\/div>\n    <\/a>\n<\/article><!-- #post-## -->\n<\/div>            <\/div>\n        <\/div>\n        \t\t<\/div>\n\t\t\t\t<\/div>\n\t\t\t\t\t<\/div>\n\t\t<\/div>\n\t\t\t\t\t\t\t<\/div>\n\t\t<\/div>\n\t\t\t\t<section class=\"elementor-section elementor-top-section elementor-element elementor-element-5234887 elementor-section-boxed elementor-section-height-default elementor-section-height-default\" data-id=\"5234887\" data-element_type=\"section\">\n\t\t\t\t\t\t<div class=\"elementor-container elementor-column-gap-default\">\n\t\t\t\t\t<div class=\"elementor-column elementor-col-100 elementor-top-column elementor-element elementor-element-afd05c8\" data-id=\"afd05c8\" data-element_type=\"column\">\n\t\t\t<div class=\"elementor-widget-wrap elementor-element-populated\">\n\t\t\t\t\t\t\t\t<div class=\"elementor-element elementor-element-cfdfec3 elementor-widget elementor-widget-spacer\" data-id=\"cfdfec3\" data-element_type=\"widget\" data-widget_type=\"spacer.default\">\n\t\t\t\t<div class=\"elementor-widget-container\">\n\t\t\t\t\t<div class=\"elementor-spacer\">\n\t\t\t<div class=\"elementor-spacer-inner\"><\/div>\n\t\t<\/div>\n\t\t\t\t<\/div>\n\t\t\t\t<\/div>\n\t\t\t\t\t<\/div>\n\t\t<\/div>\n\t\t\t\t\t\t\t<\/div>\n\t\t<\/section>\n\t\t\t\t<div class=\"elementor-section elementor-top-section elementor-element elementor-element-0fccf8b elementor-section-full_width elementor-section-stretched elementor-section-height-default elementor-section-height-default\" data-id=\"0fccf8b\" data-element_type=\"section\" data-settings=\"{&quot;stretch_section&quot;:&quot;section-stretched&quot;,&quot;background_background&quot;:&quot;classic&quot;}\">\n\t\t\t\t\t\t\t<div class=\"elementor-background-overlay\"><\/div>\n\t\t\t\t\t\t\t<div class=\"elementor-container elementor-column-gap-no\">\n\t\t\t\t\t<div class=\"elementor-column elementor-col-100 elementor-top-column elementor-element elementor-element-96c50d8\" data-id=\"96c50d8\" data-element_type=\"column\">\n\t\t\t<div class=\"elementor-widget-wrap elementor-element-populated\">\n\t\t\t\t\t\t\t\t<div class=\"elementor-element elementor-element-977a440 elementor-widget elementor-widget-heading\" data-id=\"977a440\" data-element_type=\"widget\" data-widget_type=\"heading.default\">\n\t\t\t\t<div class=\"elementor-widget-container\">\n\t\t\t<h2 class=\"elementor-heading-title elementor-size-default\">R\u00e9servez d\u00e8s maintenant...<\/h2>\t\t<\/div>\n\t\t\t\t<\/div>\n\t\t\t\t<div class=\"elementor-element elementor-element-0b41405 elementor-align-center elementor-widget elementor-widget-button\" data-id=\"0b41405\" data-element_type=\"widget\" data-widget_type=\"button.default\">\n\t\t\t\t<div class=\"elementor-widget-container\">\n\t\t\t\t\t<div class=\"elementor-button-wrapper\">\n\t\t\t<a class=\"elementor-button elementor-button-link elementor-size-lg\" href=\"#\">\n\t\t\t\t\t\t<span class=\"elementor-button-content-wrapper\">\n\t\t\t\t\t\t<span class=\"elementor-button-text\">R\u00e9servation<\/span>\n\t\t<\/span>\n\t\t\t\t\t<\/a>\n\t\t<\/div>\n\t\t\t\t<\/div>\n\t\t\t\t<\/div>\n\t\t\t\t\t<\/div>\n\t\t<\/div>\n\t\t\t\t\t\t\t<\/div>\n\t\t<\/div>\n\t\t\t\t\t\t\t<\/div>\n\t\t","protected":false},"excerpt":{"rendered":"<p>Perfectionn\u00e9 \u00e0 votre image et adapt\u00e9 \u00e0 votre budget. Projet 01 Kinshasa &#8211; Jade Pavilion 100 Park Avenue, McKinley Hill Village North Forbes Pavilion Forbes Park, Makati City Decagon Silver City Frontera Verde Drive cor. Julia Vargas La Castellana Cabildo corner Beaterio Streets, Intramuros Champagne Hall Rona&#039;s Garden Compound, 29 Visayas Avenue R\u00e9servez d\u00e8s maintenant&#8230; [&hellip;]<\/p>\n","protected":false},"author":2,"featured_media":0,"parent":0,"menu_order":0,"comment_status":"closed","ping_status":"closed","template":"template-homepage.php","meta":{"om_disable_all_campaigns":false,"inline_featured_image":false,"footnotes":""},"aioseo_notices":[],"_links":{"self":[{"href":"https:\/\/tentedelarencontre.com\/index.php?rest_route=\/wp\/v2\/pages\/21"}],"collection":[{"href":"https:\/\/tentedelarencontre.com\/index.php?rest_route=\/wp\/v2\/pages"}],"about":[{"href":"https:\/\/tentedelarencontre.com\/index.php?rest_route=\/wp\/v2\/types\/page"}],"author":[{"embeddable":true,"href":"https:\/\/tentedelarencontre.com\/index.php?rest_route=\/wp\/v2\/users\/2"}],"replies":[{"embeddable":true,"href":"https:\/\/tentedelarencontre.com\/index.php?rest_route=%2Fwp%2Fv2%2Fcomments&post=21"}],"version-history":[{"count":18,"href":"https:\/\/tentedelarencontre.com\/index.php?rest_route=\/wp\/v2\/pages\/21\/revisions"}],"predecessor-version":[{"id":4698,"href":"https:\/\/tentedelarencontre.com\/index.php?rest_route=\/wp\/v2\/pages\/21\/revisions\/4698"}],"wp:attachment":[{"href":"https:\/\/tentedelarencontre.com\/index.php?rest_route=%2Fwp%2Fv2%2Fmedia&parent=21"}],"curies":[{"name":"wp","href":"https:\/\/api.w.org\/{rel}","templated":true}]}}