{"id":1751,"date":"2022-08-27T08:21:00","date_gmt":"2022-08-27T08:21:00","guid":{"rendered":"https:\/\/demo2wpopal.b-cdn.net\/grenda2\/?page_id=1751"},"modified":"2023-08-23T15:44:11","modified_gmt":"2023-08-23T13:44:11","slug":"menus","status":"publish","type":"page","link":"https:\/\/tentedelarencontre.com\/?page_id=1751","title":{"rendered":"Menus"},"content":{"rendered":"<style>\/*! elementor - v3.15.0 - 09-08-2023 *\/<br \/>\n.elementor-heading-title{padding:0;margin:0;line-height:1}.elementor-widget-heading .elementor-heading-title[class*=elementor-size-]>a{color:inherit;font-size:inherit;line-height:inherit}.elementor-widget-heading .elementor-heading-title.elementor-size-small{font-size:15px}.elementor-widget-heading .elementor-heading-title.elementor-size-medium{font-size:19px}.elementor-widget-heading .elementor-heading-title.elementor-size-large{font-size:29px}.elementor-widget-heading .elementor-heading-title.elementor-size-xl{font-size:39px}.elementor-widget-heading .elementor-heading-title.elementor-size-xxl{font-size:59px}<\/style>\n<h2>Nous vous proposons une vari\u00e9t\u00e9 de d\u00e9licieux menus faits d&#8217;ingr\u00e9dients frais, locaux et durables.<\/h2>\n<article>\n    <a href=\"https:\/\/tentedelarencontre.com\/?grenda2_menu=buffet-family\"><br \/>\n<img width=\"516\" height=\"400\" src=\"http:\/\/tentedelarencontre.com\/wp-content\/uploads\/2022\/08\/menu-1.jpeg\" alt=\"\" decoding=\"async\" loading=\"lazy\" srcset=\"https:\/\/tentedelarencontre.com\/wp-content\/uploads\/2022\/08\/menu-1.jpeg 516w, https:\/\/tentedelarencontre.com\/wp-content\/uploads\/2022\/08\/menu-1-300x233.jpeg 300w\" sizes=\"(max-width: 516px) 100vw, 516px\"><\/p>\n<h6>Buffet\/Famille<\/h6>\n<p><\/a><a href=\"https:\/\/tentedelarencontre.com\/?grenda2_menu=buffet-family\">    <\/a><br \/>\n<\/article>\n<p><!-- #post-## --><\/p>\n<article>\n    <a href=\"https:\/\/tentedelarencontre.com\/?grenda2_menu=office-catering\"><br \/>\n<img width=\"516\" height=\"400\" src=\"http:\/\/tentedelarencontre.com\/wp-content\/uploads\/2022\/08\/menu-2.jpeg\" alt=\"\" decoding=\"async\" loading=\"lazy\" srcset=\"https:\/\/tentedelarencontre.com\/wp-content\/uploads\/2022\/08\/menu-2.jpeg 516w, https:\/\/tentedelarencontre.com\/wp-content\/uploads\/2022\/08\/menu-2-300x233.jpeg 300w\" sizes=\"(max-width: 516px) 100vw, 516px\"><\/p>\n<h6>Restauration de bureau<\/h6>\n<p><\/a><a href=\"https:\/\/tentedelarencontre.com\/?grenda2_menu=office-catering\">    <\/a><br \/>\n<\/article>\n<p><!-- #post-## --><\/p>\n<article>\n    <a href=\"https:\/\/tentedelarencontre.com\/?grenda2_menu=cultural-celebrations\"><br \/>\n<img width=\"516\" height=\"400\" src=\"http:\/\/tentedelarencontre.com\/wp-content\/uploads\/2022\/08\/menu-3.jpeg\" alt=\"\" decoding=\"async\" loading=\"lazy\" srcset=\"https:\/\/tentedelarencontre.com\/wp-content\/uploads\/2022\/08\/menu-3.jpeg 516w, https:\/\/tentedelarencontre.com\/wp-content\/uploads\/2022\/08\/menu-3-300x233.jpeg 300w\" sizes=\"(max-width: 516px) 100vw, 516px\"><\/p>\n<h6>C\u00e9l\u00e9brations culturelles<\/h6>\n<p><\/a><a href=\"https:\/\/tentedelarencontre.com\/?grenda2_menu=cultural-celebrations\">    <\/a><br \/>\n<\/article>\n<p><!-- #post-## --><\/p>\n<article>\n    <a href=\"https:\/\/tentedelarencontre.com\/?grenda2_menu=bbq\"><br \/>\n<img width=\"516\" height=\"400\" src=\"http:\/\/tentedelarencontre.com\/wp-content\/uploads\/2022\/08\/menu-5.jpeg\" alt=\"\" decoding=\"async\" loading=\"lazy\" srcset=\"https:\/\/tentedelarencontre.com\/wp-content\/uploads\/2022\/08\/menu-5.jpeg 516w, https:\/\/tentedelarencontre.com\/wp-content\/uploads\/2022\/08\/menu-5-300x233.jpeg 300w\" sizes=\"(max-width: 516px) 100vw, 516px\"><\/p>\n<h6>Barbecue<\/h6>\n<p><\/a><a href=\"https:\/\/tentedelarencontre.com\/?grenda2_menu=bbq\">    <\/a><br \/>\n<\/article>\n<p><!-- #post-## --><\/p>\n<article>\n    <a href=\"https:\/\/tentedelarencontre.com\/?grenda2_menu=reception-style\"><br \/>\n<img width=\"516\" height=\"400\" src=\"http:\/\/tentedelarencontre.com\/wp-content\/uploads\/2022\/08\/menu-7.jpeg\" alt=\"\" decoding=\"async\" loading=\"lazy\" srcset=\"https:\/\/tentedelarencontre.com\/wp-content\/uploads\/2022\/08\/menu-7.jpeg 516w, https:\/\/tentedelarencontre.com\/wp-content\/uploads\/2022\/08\/menu-7-300x233.jpeg 300w\" sizes=\"(max-width: 516px) 100vw, 516px\"><\/p>\n<h6>Style de r\u00e9ception<\/h6>\n<p><\/a><a href=\"https:\/\/tentedelarencontre.com\/?grenda2_menu=reception-style\">    <\/a><br \/>\n<\/article>\n<p><!-- #post-## --><\/p>\n<article>\n    <a href=\"https:\/\/tentedelarencontre.com\/?grenda2_menu=beverages\"><br \/>\n<img width=\"516\" height=\"400\" src=\"http:\/\/tentedelarencontre.com\/wp-content\/uploads\/2022\/08\/menu-9.jpeg\" alt=\"\" decoding=\"async\" loading=\"lazy\" srcset=\"https:\/\/tentedelarencontre.com\/wp-content\/uploads\/2022\/08\/menu-9.jpeg 516w, https:\/\/tentedelarencontre.com\/wp-content\/uploads\/2022\/08\/menu-9-300x233.jpeg 300w\" sizes=\"(max-width: 516px) 100vw, 516px\"><\/p>\n<h6>Boissons<\/h6>\n<p><\/a><a href=\"https:\/\/tentedelarencontre.com\/?grenda2_menu=beverages\">    <\/a><br \/>\n<\/article>\n<p><!-- #post-## --><\/p>\n<h2>POURQUOI FAIRE DE MANI\u00c8RE CONVENTIONNELLE ALORS QU&#8217;ON PEUT FAIRE MIEUX?<\/h2>\n<h2>R\u00e9servez d\u00e8s maintenant !<\/h2>\n<p><a href=\"#\"><br \/>\nDemandez un devis<br \/>\n<\/a><\/p>\n","protected":false},"excerpt":{"rendered":"<p>Nous vous proposons une vari\u00e9t\u00e9 de d\u00e9licieux menus faits d&#8217;ingr\u00e9dients frais, locaux et durables. Buffet\/Famille Restauration de bureau C\u00e9l\u00e9brations culturelles Barbecue Style de r\u00e9ception Boissons POURQUOI FAIRE DE MANI\u00c8RE CONVENTIONNELLE ALORS QU&#8217;ON PEUT FAIRE MIEUX? R\u00e9servez d\u00e8s maintenant ! Demandez un devis<\/p>\n","protected":false},"author":2,"featured_media":0,"parent":0,"menu_order":0,"comment_status":"closed","ping_status":"closed","template":"","meta":{"om_disable_all_campaigns":false,"inline_featured_image":false,"footnotes":""},"aioseo_notices":[],"_links":{"self":[{"href":"https:\/\/tentedelarencontre.com\/index.php?rest_route=\/wp\/v2\/pages\/1751"}],"collection":[{"href":"https:\/\/tentedelarencontre.com\/index.php?rest_route=\/wp\/v2\/pages"}],"about":[{"href":"https:\/\/tentedelarencontre.com\/index.php?rest_route=\/wp\/v2\/types\/page"}],"author":[{"embeddable":true,"href":"https:\/\/tentedelarencontre.com\/index.php?rest_route=\/wp\/v2\/users\/2"}],"replies":[{"embeddable":true,"href":"https:\/\/tentedelarencontre.com\/index.php?rest_route=%2Fwp%2Fv2%2Fcomments&post=1751"}],"version-history":[{"count":13,"href":"https:\/\/tentedelarencontre.com\/index.php?rest_route=\/wp\/v2\/pages\/1751\/revisions"}],"predecessor-version":[{"id":4440,"href":"https:\/\/tentedelarencontre.com\/index.php?rest_route=\/wp\/v2\/pages\/1751\/revisions\/4440"}],"wp:attachment":[{"href":"https:\/\/tentedelarencontre.com\/index.php?rest_route=%2Fwp%2Fv2%2Fmedia&parent=1751"}],"curies":[{"name":"wp","href":"https:\/\/api.w.org\/{rel}","templated":true}]}}